{"id":562,"date":"2024-10-14T09:34:50","date_gmt":"2024-10-14T07:34:50","guid":{"rendered":"http:\/\/cyriellepoirot.com\/?page_id=562"},"modified":"2024-10-14T09:34:50","modified_gmt":"2024-10-14T07:34:50","slug":"podcast","status":"publish","type":"page","link":"https:\/\/cyriellepoirot.com\/index.php\/podcast\/","title":{"rendered":"Podcast"},"content":{"rendered":"\n<figure class=\"wp-block-image size-full is-resized\"><a href=\"https:\/\/www.beloucia.com\/comment-decorer-sa-chambre-denfants-avec-un-lit-cabane-avec-cyrielle-le-lit-cabane\/\"><img loading=\"lazy\" decoding=\"async\" width=\"980\" height=\"980\" src=\"http:\/\/cyriellepoirot.com\/wp-content\/uploads\/2024\/10\/Podcast-couverture-980x980-1.jpg\" alt=\"\" class=\"wp-image-563\" style=\"width:559px;height:auto\" srcset=\"https:\/\/cyriellepoirot.com\/wp-content\/uploads\/2024\/10\/Podcast-couverture-980x980-1.jpg 980w, https:\/\/cyriellepoirot.com\/wp-content\/uploads\/2024\/10\/Podcast-couverture-980x980-1-300x300.jpg 300w, https:\/\/cyriellepoirot.com\/wp-content\/uploads\/2024\/10\/Podcast-couverture-980x980-1-150x150.jpg 150w, https:\/\/cyriellepoirot.com\/wp-content\/uploads\/2024\/10\/Podcast-couverture-980x980-1-768x768.jpg 768w\" sizes=\"auto, (max-width: 980px) 100vw, 980px\" \/><\/a><\/figure>\n\n\n\n<p>J&rsquo;ai eu l&rsquo;immense plaisir d&rsquo;\u00eatre l&rsquo;invit\u00e9e d&rsquo;Isabelle Gomez, fondatrice de <strong>Beloucia<\/strong>, dans son podcast <strong>\u00ab\u00a0Au c\u0153ur de la r\u00e9novation\u00a0\u00bb<\/strong>. <\/p>\n\n\n\n<p>Dans cet \u00e9pisode, nous avons plong\u00e9 dans mon parcours d&rsquo;entrepreneure et discut\u00e9 de l\u2019aventure derri\u00e8re la cr\u00e9ation de <strong>Le Lit Cabane<\/strong>. On a parl\u00e9 des d\u00e9fis, des moments de doute, mais aussi de la passion qui anime chaque projet. Isabelle, avec son \u00e9nergie bienveillante, m\u2019a permis de partager mon exp\u00e9rience et de r\u00e9fl\u00e9chir sur ce que l\u2019entrepreneuriat m\u2019a appris en tant que femme et maman. <\/p>\n\n\n\n<p>Un \u00e9change sinc\u00e8re et inspirant que je suis ravie de vous faire d\u00e9couvrir !<\/p>\n\n\n\n<ul class=\"wp-block-list\">\n<li>Episode \u00e0 \u00e9couter sur Spotify: <a href=\"https:\/\/open.spotify.com\/show\/5bNp45QadeXq1oXZjL7HQQ\">https:\/\/open.spotify.com\/show\/5bNp45QadeXq1oXZjL7HQQ<\/a><\/li>\n\n\n\n<li>Episode \u00e0 \u00e9couter sur Apple Podcast: <a href=\"https:\/\/podcasts.apple.com\/be\/podcast\/au-coeur-de-la-r%C3%A9novation\/id1764955662\">https:\/\/podcasts.apple.com\/be\/podcast\/au-coeur-de-la-r%C3%A9novation\/id1764955662<\/a><\/li>\n\n\n\n<li>Episode \u00e0 \u00e9couter sur Deezer: <a href=\"https:\/\/www.deezer.com\/fr\/show\/1001179681\">https:\/\/www.deezer.com\/fr\/show\/1001179681<\/a><\/li>\n\n\n\n<li>Episode \u00e0 \u00e9couter sur Audible: <a href=\"https:\/\/www.audible.fr\/podcast\/Au-coeur-de-la-renovation\/B0DF59W7BG?action_code=ASSGB149080119000H&amp;share_location=pdp\">https:\/\/www.audible.fr\/podcast\/Au-coeur-de-la-renovation\/B0DF59W7BG?action_code=ASSGB149080119000H&amp;share_location=pdp<\/a><\/li>\n<\/ul>\n\n\n\n<p><\/p>\n","protected":false},"excerpt":{"rendered":"<p>J&rsquo;ai eu l&rsquo;immense plaisir d&rsquo;\u00eatre l&rsquo;invit\u00e9e d&rsquo;Isabelle Gomez, fondatrice de Beloucia, dans son podcast \u00ab\u00a0Au c\u0153ur de la r\u00e9novation\u00a0\u00bb. Dans [&hellip;]<\/p>\n","protected":false},"author":1,"featured_media":0,"parent":0,"menu_order":0,"comment_status":"closed","ping_status":"closed","template":"","meta":{"site-sidebar-layout":"default","site-content-layout":"","ast-site-content-layout":"","site-content-style":"default","site-sidebar-style":"default","ast-global-header-display":"","ast-banner-title-visibility":"","ast-main-header-display":"","ast-hfb-above-header-display":"","ast-hfb-below-header-display":"","ast-hfb-mobile-header-display":"","site-post-title":"","ast-breadcrumbs-content":"","ast-featured-img":"","footer-sml-layout":"","theme-transparent-header-meta":"","adv-header-id-meta":"","stick-header-meta":"","header-above-stick-meta":"","header-main-stick-meta":"","header-below-stick-meta":"","astra-migrate-meta-layouts":"default","ast-page-background-enabled":"default","ast-page-background-meta":{"desktop":{"background-color":"var(--ast-global-color-4)","background-image":"","background-repeat":"repeat","background-position":"center center","background-size":"auto","background-attachment":"scroll","background-type":"","background-media":"","overlay-type":"","overlay-color":"","overlay-opacity":"","overlay-gradient":""},"tablet":{"background-color":"","background-image":"","background-repeat":"repeat","background-position":"center center","background-size":"auto","background-attachment":"scroll","background-type":"","background-media":"","overlay-type":"","overlay-color":"","overlay-opacity":"","overlay-gradient":""},"mobile":{"background-color":"","background-image":"","background-repeat":"repeat","background-position":"center center","background-size":"auto","background-attachment":"scroll","background-type":"","background-media":"","overlay-type":"","overlay-color":"","overlay-opacity":"","overlay-gradient":""}},"ast-content-background-meta":{"desktop":{"background-color":"var(--ast-global-color-5)","background-image":"","background-repeat":"repeat","background-position":"center center","background-size":"auto","background-attachment":"scroll","background-type":"","background-media":"","overlay-type":"","overlay-color":"","overlay-opacity":"","overlay-gradient":""},"tablet":{"background-color":"var(--ast-global-color-5)","background-image":"","background-repeat":"repeat","background-position":"center center","background-size":"auto","background-attachment":"scroll","background-type":"","background-media":"","overlay-type":"","overlay-color":"","overlay-opacity":"","overlay-gradient":""},"mobile":{"background-color":"var(--ast-global-color-5)","background-image":"","background-repeat":"repeat","background-position":"center center","background-size":"auto","background-attachment":"scroll","background-type":"","background-media":"","overlay-type":"","overlay-color":"","overlay-opacity":"","overlay-gradient":""}},"footnotes":""},"class_list":["post-562","page","type-page","status-publish","hentry"],"jetpack_sharing_enabled":true,"_links":{"self":[{"href":"https:\/\/cyriellepoirot.com\/index.php\/wp-json\/wp\/v2\/pages\/562","targetHints":{"allow":["GET"]}}],"collection":[{"href":"https:\/\/cyriellepoirot.com\/index.php\/wp-json\/wp\/v2\/pages"}],"about":[{"href":"https:\/\/cyriellepoirot.com\/index.php\/wp-json\/wp\/v2\/types\/page"}],"author":[{"embeddable":true,"href":"https:\/\/cyriellepoirot.com\/index.php\/wp-json\/wp\/v2\/users\/1"}],"replies":[{"embeddable":true,"href":"https:\/\/cyriellepoirot.com\/index.php\/wp-json\/wp\/v2\/comments?post=562"}],"version-history":[{"count":1,"href":"https:\/\/cyriellepoirot.com\/index.php\/wp-json\/wp\/v2\/pages\/562\/revisions"}],"predecessor-version":[{"id":564,"href":"https:\/\/cyriellepoirot.com\/index.php\/wp-json\/wp\/v2\/pages\/562\/revisions\/564"}],"wp:attachment":[{"href":"https:\/\/cyriellepoirot.com\/index.php\/wp-json\/wp\/v2\/media?parent=562"}],"curies":[{"name":"wp","href":"https:\/\/api.w.org\/{rel}","templated":true}]}}