{"id":501,"date":"2024-10-12T16:05:45","date_gmt":"2024-10-12T14:05:45","guid":{"rendered":"http:\/\/cyriellepoirot.com\/?page_id=501"},"modified":"2024-10-14T09:02:15","modified_gmt":"2024-10-14T07:02:15","slug":"bienvenue-dans-mon-univers-de-femme-entrepreneure-ou-mes-reves-mes-projets-et-mes-ambitions-prennent-vie","status":"publish","type":"page","link":"https:\/\/cyriellepoirot.com\/","title":{"rendered":"Home"},"content":{"rendered":"\n<div class=\"wp-block-group is-layout-constrained wp-block-group-is-layout-constrained\">\n<figure class=\"wp-block-gallery has-nested-images columns-default is-cropped wp-block-gallery-1 is-layout-flex wp-block-gallery-is-layout-flex\">\n<figure class=\"wp-block-image size-large\"><img loading=\"lazy\" decoding=\"async\" width=\"1024\" height=\"1024\" data-id=\"503\" src=\"http:\/\/cyriellepoirot.com\/wp-content\/uploads\/2024\/10\/Le-Lit-Cabane-2024-09-20T143144.723-1-1024x1024.png\" alt=\"\" class=\"wp-image-503\" srcset=\"https:\/\/cyriellepoirot.com\/wp-content\/uploads\/2024\/10\/Le-Lit-Cabane-2024-09-20T143144.723-1-1024x1024.png 1024w, https:\/\/cyriellepoirot.com\/wp-content\/uploads\/2024\/10\/Le-Lit-Cabane-2024-09-20T143144.723-1-300x300.png 300w, https:\/\/cyriellepoirot.com\/wp-content\/uploads\/2024\/10\/Le-Lit-Cabane-2024-09-20T143144.723-1-150x150.png 150w, https:\/\/cyriellepoirot.com\/wp-content\/uploads\/2024\/10\/Le-Lit-Cabane-2024-09-20T143144.723-1-768x768.png 768w, https:\/\/cyriellepoirot.com\/wp-content\/uploads\/2024\/10\/Le-Lit-Cabane-2024-09-20T143144.723-1.png 1080w\" sizes=\"auto, (max-width: 1024px) 100vw, 1024px\" \/><\/figure>\n\n\n\n<figure class=\"wp-block-image size-large\"><img loading=\"lazy\" decoding=\"async\" width=\"1024\" height=\"1024\" data-id=\"498\" src=\"http:\/\/cyriellepoirot.com\/wp-content\/uploads\/2024\/10\/LoveMamaLe-Lit-Cabane-10-1024x1024.png\" alt=\"\" class=\"wp-image-498\" srcset=\"https:\/\/cyriellepoirot.com\/wp-content\/uploads\/2024\/10\/LoveMamaLe-Lit-Cabane-10-1024x1024.png 1024w, https:\/\/cyriellepoirot.com\/wp-content\/uploads\/2024\/10\/LoveMamaLe-Lit-Cabane-10-300x300.png 300w, https:\/\/cyriellepoirot.com\/wp-content\/uploads\/2024\/10\/LoveMamaLe-Lit-Cabane-10-150x150.png 150w, https:\/\/cyriellepoirot.com\/wp-content\/uploads\/2024\/10\/LoveMamaLe-Lit-Cabane-10-768x768.png 768w, https:\/\/cyriellepoirot.com\/wp-content\/uploads\/2024\/10\/LoveMamaLe-Lit-Cabane-10.png 1080w\" sizes=\"auto, (max-width: 1024px) 100vw, 1024px\" \/><\/figure>\n\n\n\n<figure class=\"wp-block-image size-large\"><img loading=\"lazy\" decoding=\"async\" width=\"1024\" height=\"1024\" data-id=\"497\" src=\"http:\/\/cyriellepoirot.com\/wp-content\/uploads\/2024\/10\/Le-Lit-Cabane-1024x1024.png\" alt=\"\" class=\"wp-image-497\" srcset=\"https:\/\/cyriellepoirot.com\/wp-content\/uploads\/2024\/10\/Le-Lit-Cabane-1024x1024.png 1024w, https:\/\/cyriellepoirot.com\/wp-content\/uploads\/2024\/10\/Le-Lit-Cabane-300x300.png 300w, https:\/\/cyriellepoirot.com\/wp-content\/uploads\/2024\/10\/Le-Lit-Cabane-150x150.png 150w, https:\/\/cyriellepoirot.com\/wp-content\/uploads\/2024\/10\/Le-Lit-Cabane-768x768.png 768w, https:\/\/cyriellepoirot.com\/wp-content\/uploads\/2024\/10\/Le-Lit-Cabane.png 1080w\" sizes=\"auto, (max-width: 1024px) 100vw, 1024px\" \/><\/figure>\n<\/figure>\n<\/div>\n\n\n\n<blockquote class=\"wp-block-quote is-layout-flow wp-block-quote-is-layout-flow\">\n<p>Je n\u2019\u00e9tais pas destin\u00e9e \u00e0 devenir entrepreneure. Mon parcours n\u2019avait rien de trac\u00e9 d\u2019avance. Mais c\u2019est justement cette diff\u00e9rence qui est devenue ma plus grande force. J\u2019ai toujours eu des id\u00e9es qui cr\u00e9pitaient dans ma t\u00eate et \u00e0 un moment cl\u00e9 dans ma vie, tout s&rsquo;est enfin align\u00e9. C&rsquo;est devenu une question de survie de transformer ces id\u00e9es en projets r\u00e9els. J\u2019ai d\u00e9couvert au fil du temps, que plus qu\u2019une simple envie de cr\u00e9er, ce qui me m&rsquo;anime, c\u2019est de faire en sorte que ces id\u00e9es aient un impact, qu\u2019elles touchent les autres, les aident et les fassent vibrer.<\/p>\n<\/blockquote>\n\n\n\n<div class=\"wp-block-buttons is-layout-flex wp-block-buttons-is-layout-flex\">\n<div class=\"wp-block-button\"><a class=\"wp-block-button__link wp-element-button\" href=\"https:\/\/cyriellepoirot.com\/index.php\/a-propos\/\">Je vous raconte!<\/a><\/div>\n<\/div>\n\n\n\n<figure class=\"wp-block-gallery has-nested-images columns-default is-cropped wp-block-gallery-2 is-layout-flex wp-block-gallery-is-layout-flex\">\n<figure class=\"wp-block-image size-large\"><img loading=\"lazy\" decoding=\"async\" width=\"1024\" height=\"1024\" data-id=\"509\" src=\"http:\/\/cyriellepoirot.com\/wp-content\/uploads\/2024\/10\/Le-Lit-Cabane-2024-08-06T092728.868-1024x1024.png\" alt=\"\" class=\"wp-image-509\" srcset=\"https:\/\/cyriellepoirot.com\/wp-content\/uploads\/2024\/10\/Le-Lit-Cabane-2024-08-06T092728.868-1024x1024.png 1024w, https:\/\/cyriellepoirot.com\/wp-content\/uploads\/2024\/10\/Le-Lit-Cabane-2024-08-06T092728.868-300x300.png 300w, https:\/\/cyriellepoirot.com\/wp-content\/uploads\/2024\/10\/Le-Lit-Cabane-2024-08-06T092728.868-150x150.png 150w, https:\/\/cyriellepoirot.com\/wp-content\/uploads\/2024\/10\/Le-Lit-Cabane-2024-08-06T092728.868-768x768.png 768w, https:\/\/cyriellepoirot.com\/wp-content\/uploads\/2024\/10\/Le-Lit-Cabane-2024-08-06T092728.868.png 1080w\" sizes=\"auto, (max-width: 1024px) 100vw, 1024px\" \/><\/figure>\n\n\n\n<figure class=\"wp-block-image size-large\"><img loading=\"lazy\" decoding=\"async\" width=\"1024\" height=\"1024\" data-id=\"508\" src=\"http:\/\/cyriellepoirot.com\/wp-content\/uploads\/2024\/10\/Le-Lit-Cabane-2024-08-12T164246.619-1024x1024.png\" alt=\"\" class=\"wp-image-508\" srcset=\"https:\/\/cyriellepoirot.com\/wp-content\/uploads\/2024\/10\/Le-Lit-Cabane-2024-08-12T164246.619-1024x1024.png 1024w, https:\/\/cyriellepoirot.com\/wp-content\/uploads\/2024\/10\/Le-Lit-Cabane-2024-08-12T164246.619-300x300.png 300w, https:\/\/cyriellepoirot.com\/wp-content\/uploads\/2024\/10\/Le-Lit-Cabane-2024-08-12T164246.619-150x150.png 150w, https:\/\/cyriellepoirot.com\/wp-content\/uploads\/2024\/10\/Le-Lit-Cabane-2024-08-12T164246.619-768x768.png 768w, https:\/\/cyriellepoirot.com\/wp-content\/uploads\/2024\/10\/Le-Lit-Cabane-2024-08-12T164246.619.png 1080w\" sizes=\"auto, (max-width: 1024px) 100vw, 1024px\" \/><\/figure>\n\n\n\n<figure class=\"wp-block-image size-large\"><img loading=\"lazy\" decoding=\"async\" width=\"1024\" height=\"1024\" data-id=\"510\" src=\"http:\/\/cyriellepoirot.com\/wp-content\/uploads\/2024\/10\/Le-Lit-Cabane-2024-08-12T165046.153-1024x1024.png\" alt=\"\" class=\"wp-image-510\" srcset=\"https:\/\/cyriellepoirot.com\/wp-content\/uploads\/2024\/10\/Le-Lit-Cabane-2024-08-12T165046.153-1024x1024.png 1024w, https:\/\/cyriellepoirot.com\/wp-content\/uploads\/2024\/10\/Le-Lit-Cabane-2024-08-12T165046.153-300x300.png 300w, https:\/\/cyriellepoirot.com\/wp-content\/uploads\/2024\/10\/Le-Lit-Cabane-2024-08-12T165046.153-150x150.png 150w, https:\/\/cyriellepoirot.com\/wp-content\/uploads\/2024\/10\/Le-Lit-Cabane-2024-08-12T165046.153-768x768.png 768w, https:\/\/cyriellepoirot.com\/wp-content\/uploads\/2024\/10\/Le-Lit-Cabane-2024-08-12T165046.153.png 1080w\" sizes=\"auto, (max-width: 1024px) 100vw, 1024px\" \/><\/figure>\n<\/figure>\n\n\n\n<h2 class=\"wp-block-heading\">Le Lit Cabane<\/h2>\n\n\n\n<p>La cr\u00e9ation de la marque <strong>Le Lit Cabane<\/strong> fin 2022 est profond\u00e9ment li\u00e9e \u00e0 ma vie de maman. Comme beaucoup de grands projets, l\u2019id\u00e9e est n\u00e9e de mes exp\u00e9riences personnelles, de cette envie naturelle de vouloir cr\u00e9er un environnement chaleureux, unique et tendance pour mes enfants. En devenant maman, j\u2019ai r\u00e9alis\u00e9 \u00e0 quel point chaque d\u00e9tail comptait dans leur univers, et j\u2019ai voulu offrir aux autres parents cette possibilit\u00e9 de transformer la chambre de leurs enfants en un lieu o\u00f9 ils se sentent \u00e0 la fois en s\u00e9curit\u00e9 et \u00e9merveill\u00e9s.<\/p>\n\n\n\n<p>Le fait d\u2019\u00eatre entour\u00e9e de mes enfants m\u2019a inspir\u00e9e au quotidien, et cette \u00e9nergie, cette cr\u00e9ativit\u00e9, je l\u2019ai canalis\u00e9e dans la conception de <strong>Le Lit Cabane<\/strong>. Ce n\u2019est pas un simple produit, c\u2019est une extension de ma propre exp\u00e9rience de m\u00e8re, un cocon que j\u2019aime leur offrir et que je souhaite partager avec d&rsquo;autres familles.<\/p>\n\n\n\n<p>Ce projet est n\u00e9 de mes \u00e9motions les plus fortes, de l\u2019amour que je porte \u00e0 mes enfants, et de mon envie de cr\u00e9er quelque chose qui ait du sens pour eux et pour d&rsquo;autres familles. Ce projet n&rsquo;aurait jamais pu voir le jour sans le soutien sans faille et l&rsquo;amour inconditionnel de Vincent, mon (futur) mari et serial-entrepreneur!<\/p>\n\n\n\n<div class=\"wp-block-buttons is-layout-flex wp-block-buttons-is-layout-flex\">\n<div class=\"wp-block-button\"><a class=\"wp-block-button__link wp-element-button\" href=\"https:\/\/www.lelitcabane.fr\/\">La d\u00e9co vous pla\u00eet, c&rsquo;est par ici!<\/a><\/div>\n<\/div>\n\n\n\n<p><\/p>\n","protected":false},"excerpt":{"rendered":"<p>Je n\u2019\u00e9tais pas destin\u00e9e \u00e0 devenir entrepreneure. Mon parcours n\u2019avait rien de trac\u00e9 d\u2019avance. Mais c\u2019est justement cette diff\u00e9rence qui [&hellip;]<\/p>\n","protected":false},"author":1,"featured_media":0,"parent":0,"menu_order":0,"comment_status":"closed","ping_status":"closed","template":"","meta":{"site-sidebar-layout":"default","site-content-layout":"","ast-site-content-layout":"","site-content-style":"default","site-sidebar-style":"default","ast-global-header-display":"","ast-banner-title-visibility":"","ast-main-header-display":"","ast-hfb-above-header-display":"","ast-hfb-below-header-display":"","ast-hfb-mobile-header-display":"","site-post-title":"disabled","ast-breadcrumbs-content":"","ast-featured-img":"","footer-sml-layout":"","theme-transparent-header-meta":"","adv-header-id-meta":"","stick-header-meta":"","header-above-stick-meta":"","header-main-stick-meta":"","header-below-stick-meta":"","astra-migrate-meta-layouts":"default","ast-page-background-enabled":"default","ast-page-background-meta":{"desktop":{"background-color":"var(--ast-global-color-4)","background-image":"","background-repeat":"repeat","background-position":"center center","background-size":"auto","background-attachment":"scroll","background-type":"","background-media":"","overlay-type":"","overlay-color":"","overlay-opacity":"","overlay-gradient":""},"tablet":{"background-color":"","background-image":"","background-repeat":"repeat","background-position":"center center","background-size":"auto","background-attachment":"scroll","background-type":"","background-media":"","overlay-type":"","overlay-color":"","overlay-opacity":"","overlay-gradient":""},"mobile":{"background-color":"","background-image":"","background-repeat":"repeat","background-position":"center center","background-size":"auto","background-attachment":"scroll","background-type":"","background-media":"","overlay-type":"","overlay-color":"","overlay-opacity":"","overlay-gradient":""}},"ast-content-background-meta":{"desktop":{"background-color":"var(--ast-global-color-5)","background-image":"","background-repeat":"repeat","background-position":"center center","background-size":"auto","background-attachment":"scroll","background-type":"","background-media":"","overlay-type":"","overlay-color":"","overlay-opacity":"","overlay-gradient":""},"tablet":{"background-color":"var(--ast-global-color-5)","background-image":"","background-repeat":"repeat","background-position":"center center","background-size":"auto","background-attachment":"scroll","background-type":"","background-media":"","overlay-type":"","overlay-color":"","overlay-opacity":"","overlay-gradient":""},"mobile":{"background-color":"var(--ast-global-color-5)","background-image":"","background-repeat":"repeat","background-position":"center center","background-size":"auto","background-attachment":"scroll","background-type":"","background-media":"","overlay-type":"","overlay-color":"","overlay-opacity":"","overlay-gradient":""}},"footnotes":""},"class_list":["post-501","page","type-page","status-publish","hentry"],"jetpack_sharing_enabled":true,"_links":{"self":[{"href":"https:\/\/cyriellepoirot.com\/index.php\/wp-json\/wp\/v2\/pages\/501","targetHints":{"allow":["GET"]}}],"collection":[{"href":"https:\/\/cyriellepoirot.com\/index.php\/wp-json\/wp\/v2\/pages"}],"about":[{"href":"https:\/\/cyriellepoirot.com\/index.php\/wp-json\/wp\/v2\/types\/page"}],"author":[{"embeddable":true,"href":"https:\/\/cyriellepoirot.com\/index.php\/wp-json\/wp\/v2\/users\/1"}],"replies":[{"embeddable":true,"href":"https:\/\/cyriellepoirot.com\/index.php\/wp-json\/wp\/v2\/comments?post=501"}],"version-history":[{"count":10,"href":"https:\/\/cyriellepoirot.com\/index.php\/wp-json\/wp\/v2\/pages\/501\/revisions"}],"predecessor-version":[{"id":540,"href":"https:\/\/cyriellepoirot.com\/index.php\/wp-json\/wp\/v2\/pages\/501\/revisions\/540"}],"wp:attachment":[{"href":"https:\/\/cyriellepoirot.com\/index.php\/wp-json\/wp\/v2\/media?parent=501"}],"curies":[{"name":"wp","href":"https:\/\/api.w.org\/{rel}","templated":true}]}}