{"id":388,"date":"2023-05-31T12:13:26","date_gmt":"2023-05-31T10:13:26","guid":{"rendered":"http:\/\/cyriellepoirot.com\/?page_id=388"},"modified":"2024-10-14T09:07:28","modified_gmt":"2024-10-14T07:07:28","slug":"a-propos","status":"publish","type":"page","link":"https:\/\/cyriellepoirot.com\/index.php\/a-propos\/","title":{"rendered":"Mon histoire"},"content":{"rendered":"\n<p><strong>Bienvenue dans mon univers!  Je m&rsquo;appelle Cyrielle Poirot, je suis fran\u00e7aise et belge d&rsquo;adoption et maman de 4 enfants.<\/strong><\/p>\n\n\n\n<p>Fille de prof et de moniteur de ski, j&rsquo;ai grandi les skis aux pieds. Enfant je r\u00eavais plus de la premi\u00e8re marche du podium apr\u00e8s une comp\u00e9tition de ski que d&rsquo;\u00eatre cheffe d&rsquo;entreprise. Rien dans mon parcours ne me destinait \u00e0 le devenir. Et pourtant, j&rsquo;ai toujours eu cette petite voix et ce cr\u00e9pitement d&rsquo;id\u00e9es dans ma t\u00eate. C\u2019est en rencontrant Vincent et en faisant un long travail d&rsquo;introspection que tout s\u2019est align\u00e9, jusqu&rsquo;\u00e0 devenir une \u00e9vidence. Entre les moments de joie, de fatigue, et de grandes \u00e9motions que comporte la vie de maman, j\u2019ai r\u00e9alis\u00e9 \u00e0 quel point chaque d\u00e9tail comptait dans l&rsquo;univers de mes enfants. Et c\u2019est l\u00e0 qu\u2019est n\u00e9e l&rsquo;id\u00e9e de <strong>Le Lit Cabane<\/strong>.<\/p>\n\n\n\n<p>Loin d\u2019\u00eatre un projet business comme un autre, <strong>Le Lit Cabane<\/strong> est le reflet de mon quotidien, de mes d\u00e9fis, et surtout de mon envie de cr\u00e9er des chambres qui font r\u00eaver. Mon but? Permettre aux parents d&rsquo;offrir des cocons douillets et styl\u00e9s pour leurs enfants, des endroits o\u00f9 ils peuvent r\u00eaver, jouer et grandir en tout s\u00e9r\u00e9nit\u00e9.<\/p>\n\n\n\n<p>En 2022, j\u2019ai d\u00e9cid\u00e9 de franchir le pas et de donner vie \u00e0 mes id\u00e9es. Avec l\u2019incroyable soutien et patience infinie de Vincent, mon compagnon de vie et entrepreneur lui-m\u00eame, j&rsquo;ai plong\u00e9 dans cette aventure. Et depuis, je ne regrette rien. Chaque jour, je me l\u00e8ve avec l\u2019envie de cr\u00e9er des produits qui r\u00e9sonnent aupr\u00e8s d&rsquo;autres familles, de transformer mes id\u00e9es en quelque chose de concret.<\/p>\n\n\n\n<p>Merci d&rsquo;\u00eatre ici et de faire partie de cette aventure avec moi.<\/p>\n\n\n\n<p>To be continued!<\/p>\n\n\n\n<p>Love,<\/p>\n\n\n\n<p>Cyrielle<\/p>\n\n\n\n<figure class=\"wp-block-gallery has-nested-images columns-default is-cropped wp-block-gallery-1 is-layout-flex wp-block-gallery-is-layout-flex\">\n<figure class=\"wp-block-image size-large\"><img loading=\"lazy\" decoding=\"async\" width=\"1024\" height=\"1024\" data-id=\"520\" src=\"http:\/\/cyriellepoirot.com\/wp-content\/uploads\/2024\/10\/Le-Lit-Cabane-2024-09-20T143144.723-1-1-1024x1024.png\" alt=\"\" class=\"wp-image-520\" srcset=\"https:\/\/cyriellepoirot.com\/wp-content\/uploads\/2024\/10\/Le-Lit-Cabane-2024-09-20T143144.723-1-1-1024x1024.png 1024w, https:\/\/cyriellepoirot.com\/wp-content\/uploads\/2024\/10\/Le-Lit-Cabane-2024-09-20T143144.723-1-1-300x300.png 300w, https:\/\/cyriellepoirot.com\/wp-content\/uploads\/2024\/10\/Le-Lit-Cabane-2024-09-20T143144.723-1-1-150x150.png 150w, https:\/\/cyriellepoirot.com\/wp-content\/uploads\/2024\/10\/Le-Lit-Cabane-2024-09-20T143144.723-1-1-768x768.png 768w, https:\/\/cyriellepoirot.com\/wp-content\/uploads\/2024\/10\/Le-Lit-Cabane-2024-09-20T143144.723-1-1.png 1080w\" sizes=\"auto, (max-width: 1024px) 100vw, 1024px\" \/><\/figure>\n\n\n\n<figure class=\"wp-block-image size-large\"><img loading=\"lazy\" decoding=\"async\" width=\"1024\" height=\"1024\" data-id=\"519\" src=\"http:\/\/cyriellepoirot.com\/wp-content\/uploads\/2024\/10\/Le-Lit-Cabane-2024-09-20T143113.939-1024x1024.png\" alt=\"\" class=\"wp-image-519\" srcset=\"https:\/\/cyriellepoirot.com\/wp-content\/uploads\/2024\/10\/Le-Lit-Cabane-2024-09-20T143113.939-1024x1024.png 1024w, https:\/\/cyriellepoirot.com\/wp-content\/uploads\/2024\/10\/Le-Lit-Cabane-2024-09-20T143113.939-300x300.png 300w, https:\/\/cyriellepoirot.com\/wp-content\/uploads\/2024\/10\/Le-Lit-Cabane-2024-09-20T143113.939-150x150.png 150w, https:\/\/cyriellepoirot.com\/wp-content\/uploads\/2024\/10\/Le-Lit-Cabane-2024-09-20T143113.939-768x768.png 768w, https:\/\/cyriellepoirot.com\/wp-content\/uploads\/2024\/10\/Le-Lit-Cabane-2024-09-20T143113.939.png 1080w\" sizes=\"auto, (max-width: 1024px) 100vw, 1024px\" \/><\/figure>\n\n\n\n<figure class=\"wp-block-image size-large\"><img loading=\"lazy\" decoding=\"async\" width=\"1024\" height=\"1024\" data-id=\"524\" src=\"http:\/\/cyriellepoirot.com\/wp-content\/uploads\/2024\/10\/Le-Lit-Cabane-2024-09-20T143212.192-1024x1024.png\" alt=\"\" class=\"wp-image-524\" srcset=\"https:\/\/cyriellepoirot.com\/wp-content\/uploads\/2024\/10\/Le-Lit-Cabane-2024-09-20T143212.192-1024x1024.png 1024w, https:\/\/cyriellepoirot.com\/wp-content\/uploads\/2024\/10\/Le-Lit-Cabane-2024-09-20T143212.192-300x300.png 300w, https:\/\/cyriellepoirot.com\/wp-content\/uploads\/2024\/10\/Le-Lit-Cabane-2024-09-20T143212.192-150x150.png 150w, https:\/\/cyriellepoirot.com\/wp-content\/uploads\/2024\/10\/Le-Lit-Cabane-2024-09-20T143212.192-768x768.png 768w, https:\/\/cyriellepoirot.com\/wp-content\/uploads\/2024\/10\/Le-Lit-Cabane-2024-09-20T143212.192.png 1080w\" sizes=\"auto, (max-width: 1024px) 100vw, 1024px\" \/><\/figure>\n<\/figure>\n","protected":false},"excerpt":{"rendered":"<p>Bienvenue dans mon univers! Je m&rsquo;appelle Cyrielle Poirot, je suis fran\u00e7aise et belge d&rsquo;adoption et maman de 4 enfants. Fille [&hellip;]<\/p>\n","protected":false},"author":1,"featured_media":0,"parent":0,"menu_order":0,"comment_status":"closed","ping_status":"closed","template":"","meta":{"site-sidebar-layout":"default","site-content-layout":"","ast-site-content-layout":"","site-content-style":"default","site-sidebar-style":"default","ast-global-header-display":"","ast-banner-title-visibility":"","ast-main-header-display":"","ast-hfb-above-header-display":"","ast-hfb-below-header-display":"","ast-hfb-mobile-header-display":"","site-post-title":"","ast-breadcrumbs-content":"","ast-featured-img":"","footer-sml-layout":"","theme-transparent-header-meta":"","adv-header-id-meta":"","stick-header-meta":"","header-above-stick-meta":"","header-main-stick-meta":"","header-below-stick-meta":"","astra-migrate-meta-layouts":"default","ast-page-background-enabled":"default","ast-page-background-meta":{"desktop":{"background-color":"var(--ast-global-color-4)","background-image":"","background-repeat":"repeat","background-position":"center center","background-size":"auto","background-attachment":"scroll","background-type":"","background-media":"","overlay-type":"","overlay-color":"","overlay-opacity":"","overlay-gradient":""},"tablet":{"background-color":"","background-image":"","background-repeat":"repeat","background-position":"center center","background-size":"auto","background-attachment":"scroll","background-type":"","background-media":"","overlay-type":"","overlay-color":"","overlay-opacity":"","overlay-gradient":""},"mobile":{"background-color":"","background-image":"","background-repeat":"repeat","background-position":"center center","background-size":"auto","background-attachment":"scroll","background-type":"","background-media":"","overlay-type":"","overlay-color":"","overlay-opacity":"","overlay-gradient":""}},"ast-content-background-meta":{"desktop":{"background-color":"var(--ast-global-color-5)","background-image":"","background-repeat":"repeat","background-position":"center center","background-size":"auto","background-attachment":"scroll","background-type":"","background-media":"","overlay-type":"","overlay-color":"","overlay-opacity":"","overlay-gradient":""},"tablet":{"background-color":"var(--ast-global-color-5)","background-image":"","background-repeat":"repeat","background-position":"center center","background-size":"auto","background-attachment":"scroll","background-type":"","background-media":"","overlay-type":"","overlay-color":"","overlay-opacity":"","overlay-gradient":""},"mobile":{"background-color":"var(--ast-global-color-5)","background-image":"","background-repeat":"repeat","background-position":"center center","background-size":"auto","background-attachment":"scroll","background-type":"","background-media":"","overlay-type":"","overlay-color":"","overlay-opacity":"","overlay-gradient":""}},"footnotes":""},"class_list":["post-388","page","type-page","status-publish","hentry"],"jetpack_sharing_enabled":true,"_links":{"self":[{"href":"https:\/\/cyriellepoirot.com\/index.php\/wp-json\/wp\/v2\/pages\/388","targetHints":{"allow":["GET"]}}],"collection":[{"href":"https:\/\/cyriellepoirot.com\/index.php\/wp-json\/wp\/v2\/pages"}],"about":[{"href":"https:\/\/cyriellepoirot.com\/index.php\/wp-json\/wp\/v2\/types\/page"}],"author":[{"embeddable":true,"href":"https:\/\/cyriellepoirot.com\/index.php\/wp-json\/wp\/v2\/users\/1"}],"replies":[{"embeddable":true,"href":"https:\/\/cyriellepoirot.com\/index.php\/wp-json\/wp\/v2\/comments?post=388"}],"version-history":[{"count":9,"href":"https:\/\/cyriellepoirot.com\/index.php\/wp-json\/wp\/v2\/pages\/388\/revisions"}],"predecessor-version":[{"id":548,"href":"https:\/\/cyriellepoirot.com\/index.php\/wp-json\/wp\/v2\/pages\/388\/revisions\/548"}],"wp:attachment":[{"href":"https:\/\/cyriellepoirot.com\/index.php\/wp-json\/wp\/v2\/media?parent=388"}],"curies":[{"name":"wp","href":"https:\/\/api.w.org\/{rel}","templated":true}]}}